{"id":459,"date":"2011-05-05T18:23:59","date_gmt":"2011-05-05T16:23:59","guid":{"rendered":"http:\/\/www.artifactconsulting.com\/lapeira\/"},"modified":"2024-12-25T22:33:56","modified_gmt":"2024-12-25T22:33:56","slug":"sobre-mi","status":"publish","type":"page","link":"https:\/\/www.artifactconsulting.com\/lapeira\/index.php\/sobre-mi\/","title":{"rendered":"Biografia de Raul Lapeira"},"content":{"rendered":"<p><strong>Estudios (1979-2022)<\/strong>:<\/p>\n<p>Estudi\u00e9 en el colegio Santa Mar\u00eda de los Rosales y en la Universidad Pontificia de Salamanca. Ingeniero Superior en Inform\u00e1tica, termin\u00e9 la carrera en 2002 (curso por a\u00f1o) con una matricula de honor en Programaci\u00f3n Concurrente en Java y Ada y como Delegado de Facultad, tras participar en dos proyectos universitarios de I+D. Nota media de 8,5 sobre 10.<\/p>\n<p><strong>Dedicaci\u00f3n en programaci\u00f3n (1993-actualidad):<\/strong><\/p>\n<p>Realic\u00e9 mi primer programa de envergadura con 14 a\u00f1os en 1993, empec\u00e9 a desarrollar en Java en 1998 en un proyecto universitario. Domino m\u00e1s de 50 API&#8217;s de Java, me defiendo con varios IDE&#8217;s y servidores pero apoyo simplificar el dise\u00f1o y limitar la complejidad, esto me ha llevado a auditar y refactorizar numerosos sistemas con carencias. De 2002 a 2015 me fui certificando en productos de IBM Rational y Oracle basados en Java. Muchos de mis proyectos de esa \u00e9poca tenian que ver con SOA, BPM y SAAS. Alrededor de 2012 empec\u00e9 a hacer Procesamiento distribuido, Machine Learning y poco despues Cloud Computing, acabar\u00eda certificandome en varios clouds y trabaj\u00e9 mucho en Spark durante varios a\u00f1os.<\/p>\n<p>Soy el responsable directo de diversos proyectos online, el primero data de 2002, la mayor\u00eda expuestos en Internet y otros empleados en Intranets de empresas, adem\u00e1s programo para m\u00f3viles y sistemas embebidos. El posicionamiento Web y la gesti\u00f3n de la configuraci\u00f3n son tambi\u00e9n \u00e1reas en las que me defiendo con soltura. Me reciclo constantemente en mi tiempo libre. Desde 2008 soy el responsable de la estabilidad de un par de c\u00famulos de servidores HTTP-Java en Pozuelo y Aravaca, lo llamo &#8220;mi peque\u00f1o Akamai(R)&#8221; \ud83d\ude42<\/p>\n<p>La mayor\u00eda de mis portales est\u00e1n hechos en java <a href=\"http:\/\/www.consultoriajava.com\">http:\/\/www.consultoriajava.com<\/a> o <a href=\"http:\/\/www.balancek.com\">http:\/\/www.balancek.com<\/a>.<\/p>\n<p><strong>Dedicaci\u00f3n en rob\u00f3tica (1999-actualidad):<\/strong><\/p>\n<p>Desde 1999 he desarrollado proyectos relacionados con rob\u00f3tica de servicio tanto de investigaci\u00f3n te\u00f3rica como de aplicaci\u00f3n pr\u00e1ctica para empresas, ministerio de defensa y asociaciones sin \u00e1nimo de lucro. En 2003 el equipo que tuve la suerte de dirigir, gan\u00f3 el premio Hispabot en categor\u00eda libre.<\/p>\n<p>La mayor\u00eda de robots que he hecho han sido expuestos en museos, presentados en conferencias o se guardan celosamente en empresas a la espera de una comercializaci\u00f3n viable. He desarrollado cuatro patentes en este \u00e1rea, en dos de ellas aparezco como inventor, en las otras dos no aparezco reconocido directamente.<\/p>\n<p>En 2004 fund\u00e9 <a href=\"http:\/\/www.roboticspot.com\">http:\/\/www.roboticspot.com<\/a>, en 2007 <a href=\"http:\/\/www.ngrobotics.com\">http:\/\/www.ngrobotics.com<\/a> y en 2009 empez\u00f3 a funcionar la Liga Nacional de Rob\u00f3tica (primero http:\/\/lnrc.es luego <a href=\"https:\/\/www.robotsleague.com\">https:\/\/www.robotsleague.com<\/a>) con ayuda de nuestros benefactores.<\/p>\n<p>En 2018 lanc\u00e9 un proyecto llamado <a href=\"https:\/\/swarmroyale.com\">https:\/\/swarmroyale.com<\/a> pero debido a lo que considero una gesti\u00f3n horrible por parte de la OEPM la concesi\u00f3n de la patente se prolong\u00f3 y tuve que demorar el lanzamiento del proyecto.<\/p>\n<p><strong>Dedicaci\u00f3n en proyectos y gesti\u00f3n (2006-actualidad):<\/strong><\/p>\n<p>He dirigido proyectos de diferente envergadura y he participado en diversos cargos, empec\u00e9 a liderar proyectos de software en 2006 y \u00faltimamente me he especializado en entrar a proyectos en curso que necesitan un cambio de enfoque t\u00e9cnico: reingenier\u00eda, refactorizaci\u00f3n y orientaci\u00f3n a resultados como ideas clave.<\/p>\n<p>En plena crisis financiera conseguimos un crecimiento de facturaci\u00f3n en Artifact Consulting S.L. entorno al 100% anual desde 2007 hasta 2010, de esta \u00e9poca son proyectos como <a href=\"https:\/\/balancek.com\">https:\/\/balancek.com<\/a> o <a href=\"https:\/\/robotsleague.com\">https:\/\/robotsleague.com<\/a> pero alrededor de 2019 por problemas personales (y porque los peques ya necesitaban m\u00e1s ayuda con los estudios) dej\u00e9 de estar tan centrado en el trabajo y perd\u00ed un 20-30% de facturaci\u00f3n seg\u00fan el a\u00f1o. En esa \u00e9poca empec\u00e9 a pensar m\u00e1s en t\u00e9rminos de patrimonio y menos en laboral.<\/p>\n<p><strong>Labor divulgativa (2004-actualidad):<\/strong><\/p>\n<p>Imparto formaci\u00f3n a trabajadores de empresas sobre los temarios que domino. He impartido m\u00e1s de 5000 horas de formaci\u00f3n en m\u00e1s de 300 cursos desde 2003, en 2010 obtuve una calificaci\u00f3n por parte de mis alumnos de 9,73 sobre 10 en los cursos impartidos durante el a\u00f1o.<\/p>\n<p>Todos los a\u00f1os presento la competici\u00f3n Cosmobot que se celebr\u00f3 en Cosmocaixa Alcobendas durante 7 a\u00f1os y despu\u00e9s en Cosmocaixa Barcelona durante 2 hasta que la gesti\u00f3n local decidi\u00f3 dejarlo (una verg\u00fcenza en mi opini\u00f3n). He colaborado en documentales y reportajes sobre I.T. y rob\u00f3tica en Telemadrid, y La 2 de RTVE. El programa \u201cUn cuerpo de Repuesto\u201d de \u201c30 minutos\u201d en cuya producci\u00f3n colabor\u00e9 ha recibido un premio por su calidad.<\/p>\n<p><strong>Lobbismo pol\u00edtico:<\/strong><\/p>\n<p>El 9 de Marzo de 2023 fui detenido por violencia de g\u00e9nero con una denuncia falsa que pude demostrar que lo era pero ni la polic\u00eda, ni la fiscal\u00eda, ni siquiera el TSJ quisieron saber nada, me liberaron a la ma\u00f1ana siguiente tras pasar la noche en el calabozo y nunca volv\u00ed a ver a la autoridad o la pol\u00edtica de la misma forma. A partir de ah\u00ed decid\u00ed centrarme en lobbismo pol\u00edtico, que era una idea que me rondaba desde ver el discurso de 2006 de Stephen Colbert en la cena de corresponsales. En 2023 mont\u00e9 <a href=\"https:\/\/wikiviogen.com\">https:\/\/wikiviogen.com<\/a>, y <a href=\"https:\/\/denunciasfalsas.com\">https:\/\/denunciasfalsas.com<\/a> y en 2024 <a href=\"https:\/\/legalmisandry.com\">https:\/\/legalmisandry.com<\/a>.<\/p>\n<p><strong>Temas de inter\u00e9s:<\/strong><\/p>\n<p>Rob\u00f3tica, programaci\u00f3n, nutrici\u00f3n, auto-ayuda, emprender, tema financiero, pol\u00edtica y caminar.<\/p>\n<p><strong>Mis espinas clavadas:<\/strong><\/p>\n<ul>\n<li>La degradaci\u00f3n clientelar pol\u00edtica del negocio de g\u00e9nero producida desde 2004 con la ley integral de violencia de g\u00e9nero<\/li>\n<li>Un programa enorme que hice en 1994 se perdi\u00f3 en un 286 que acab\u00f3 en la basura.<\/li>\n<li>En 2003 me entrevist\u00f3 Roco-alicates, pero en la producci\u00f3n de \u201cCyberclub\u201d me quitaron, todav\u00eda lo estoy asumiendo. \ud83d\ude42<\/li>\n<li>Ninguno de mis robots &#8216;comerciales&#8217; se ha comercializado todav\u00eda.<\/li>\n<\/ul>\n\n\n<p><\/p>\n","protected":false},"excerpt":{"rendered":"<p>Estudios (1979-2022): Estudi\u00e9 en el colegio Santa Mar\u00eda de los Rosales y en la Universidad Pontificia de Salamanca. Ingeniero Superior en Inform\u00e1tica, termin\u00e9 la carrera en 2002 (curso por a\u00f1o) con una matricula de honor en Programaci\u00f3n Concurrente en Java y Ada y como Delegado de Facultad, tras participar en dos proyectos universitarios de I+D. [&hellip;]<\/p>\n","protected":false},"author":1,"featured_media":0,"parent":0,"menu_order":2,"comment_status":"closed","ping_status":"open","template":"","meta":[],"_links":{"self":[{"href":"https:\/\/www.artifactconsulting.com\/lapeira\/index.php\/wp-json\/wp\/v2\/pages\/459"}],"collection":[{"href":"https:\/\/www.artifactconsulting.com\/lapeira\/index.php\/wp-json\/wp\/v2\/pages"}],"about":[{"href":"https:\/\/www.artifactconsulting.com\/lapeira\/index.php\/wp-json\/wp\/v2\/types\/page"}],"author":[{"embeddable":true,"href":"https:\/\/www.artifactconsulting.com\/lapeira\/index.php\/wp-json\/wp\/v2\/users\/1"}],"replies":[{"embeddable":true,"href":"https:\/\/www.artifactconsulting.com\/lapeira\/index.php\/wp-json\/wp\/v2\/comments?post=459"}],"version-history":[{"count":21,"href":"https:\/\/www.artifactconsulting.com\/lapeira\/index.php\/wp-json\/wp\/v2\/pages\/459\/revisions"}],"predecessor-version":[{"id":1965,"href":"https:\/\/www.artifactconsulting.com\/lapeira\/index.php\/wp-json\/wp\/v2\/pages\/459\/revisions\/1965"}],"wp:attachment":[{"href":"https:\/\/www.artifactconsulting.com\/lapeira\/index.php\/wp-json\/wp\/v2\/media?parent=459"}],"curies":[{"name":"wp","href":"https:\/\/api.w.org\/{rel}","templated":true}]}}